{"id":4963,"date":"2022-12-21T14:29:44","date_gmt":"2022-12-21T14:29:44","guid":{"rendered":"https:\/\/www.cmmacchine.com\/strettoi-meccanici-ed-idraulici-per-travi-lamellari\/"},"modified":"2026-01-14T15:39:50","modified_gmt":"2026-01-14T15:39:50","slug":"strettoi-meccanici-ed-idraulici-per-travi-lamellari","status":"publish","type":"page","link":"https:\/\/www.cmmacchine.com\/fr\/strettoi-meccanici-ed-idraulici-per-travi-lamellari\/","title":{"rendered":"Presses m\u00e9caniques et hydrauliques pour poutres en bois lamell\u00e9-coll\u00e9"},"content":{"rendered":"","protected":false},"excerpt":{"rendered":"","protected":false},"author":1,"featured_media":0,"parent":0,"menu_order":0,"comment_status":"closed","ping_status":"closed","template":"","meta":{"_acf_changed":false,"footnotes":""},"class_list":["post-4963","page","type-page","status-publish","hentry"],"acf":[],"_links":{"self":[{"href":"https:\/\/www.cmmacchine.com\/fr\/wp-json\/wp\/v2\/pages\/4963","targetHints":{"allow":["GET"]}}],"collection":[{"href":"https:\/\/www.cmmacchine.com\/fr\/wp-json\/wp\/v2\/pages"}],"about":[{"href":"https:\/\/www.cmmacchine.com\/fr\/wp-json\/wp\/v2\/types\/page"}],"author":[{"embeddable":true,"href":"https:\/\/www.cmmacchine.com\/fr\/wp-json\/wp\/v2\/users\/1"}],"replies":[{"embeddable":true,"href":"https:\/\/www.cmmacchine.com\/fr\/wp-json\/wp\/v2\/comments?post=4963"}],"version-history":[{"count":2,"href":"https:\/\/www.cmmacchine.com\/fr\/wp-json\/wp\/v2\/pages\/4963\/revisions"}],"predecessor-version":[{"id":5060,"href":"https:\/\/www.cmmacchine.com\/fr\/wp-json\/wp\/v2\/pages\/4963\/revisions\/5060"}],"wp:attachment":[{"href":"https:\/\/www.cmmacchine.com\/fr\/wp-json\/wp\/v2\/media?parent=4963"}],"curies":[{"name":"wp","href":"https:\/\/api.w.org\/{rel}","templated":true}]}}