{"id":4771,"date":"2022-12-21T14:28:25","date_gmt":"2022-12-21T14:28:25","guid":{"rendered":"https:\/\/www.cmmacchine.com\/strettoio-meccanico-a-elementi-beam-press\/"},"modified":"2024-07-17T08:46:33","modified_gmt":"2024-07-17T08:46:33","slug":"strettoio-meccanico-a-elementi-beam-press","status":"publish","type":"page","link":"https:\/\/www.cmmacchine.com\/fr\/strettoi-meccanici-ed-idraulici-per-travi-lamellari\/strettoio-meccanico-a-elementi-beam-press\/","title":{"rendered":"Presse m\u00e9canique avec \u00e9l\u00e9ments beam press"},"content":{"rendered":"","protected":false},"excerpt":{"rendered":"","protected":false},"author":1,"featured_media":1809,"parent":4963,"menu_order":0,"comment_status":"closed","ping_status":"closed","template":"","meta":{"_acf_changed":false,"footnotes":""},"class_list":["post-4771","page","type-page","status-publish","has-post-thumbnail","hentry"],"acf":[],"_links":{"self":[{"href":"https:\/\/www.cmmacchine.com\/fr\/wp-json\/wp\/v2\/pages\/4771","targetHints":{"allow":["GET"]}}],"collection":[{"href":"https:\/\/www.cmmacchine.com\/fr\/wp-json\/wp\/v2\/pages"}],"about":[{"href":"https:\/\/www.cmmacchine.com\/fr\/wp-json\/wp\/v2\/types\/page"}],"author":[{"embeddable":true,"href":"https:\/\/www.cmmacchine.com\/fr\/wp-json\/wp\/v2\/users\/1"}],"replies":[{"embeddable":true,"href":"https:\/\/www.cmmacchine.com\/fr\/wp-json\/wp\/v2\/comments?post=4771"}],"version-history":[{"count":2,"href":"https:\/\/www.cmmacchine.com\/fr\/wp-json\/wp\/v2\/pages\/4771\/revisions"}],"predecessor-version":[{"id":5062,"href":"https:\/\/www.cmmacchine.com\/fr\/wp-json\/wp\/v2\/pages\/4771\/revisions\/5062"}],"up":[{"embeddable":true,"href":"https:\/\/www.cmmacchine.com\/fr\/wp-json\/wp\/v2\/pages\/4963"}],"wp:featuredmedia":[{"embeddable":true,"href":"https:\/\/www.cmmacchine.com\/fr\/wp-json\/wp\/v2\/media\/1809"}],"wp:attachment":[{"href":"https:\/\/www.cmmacchine.com\/fr\/wp-json\/wp\/v2\/media?parent=4771"}],"curies":[{"name":"wp","href":"https:\/\/api.w.org\/{rel}","templated":true}]}}