{"id":4761,"date":"2023-01-30T16:42:56","date_gmt":"2023-01-30T16:42:56","guid":{"rendered":"https:\/\/www.cmmacchine.com\/impianti-finger-joint-per-travi-lamellari\/"},"modified":"2025-05-09T08:52:26","modified_gmt":"2025-05-09T08:52:26","slug":"impianti-finger-joint-per-travi-lamellari","status":"publish","type":"page","link":"https:\/\/www.cmmacchine.com\/fr\/video\/impianti-finger-joint-per-travi-lamellari\/","title":{"rendered":"Syst\u00e8mes abouteuses pour poutres en bois lamell\u00e9-coll\u00e9"},"content":{"rendered":"","protected":false},"excerpt":{"rendered":"","protected":false},"author":1,"featured_media":0,"parent":4991,"menu_order":0,"comment_status":"closed","ping_status":"closed","template":"","meta":{"_acf_changed":false,"footnotes":""},"class_list":["post-4761","page","type-page","status-publish","hentry"],"acf":[],"_links":{"self":[{"href":"https:\/\/www.cmmacchine.com\/fr\/wp-json\/wp\/v2\/pages\/4761","targetHints":{"allow":["GET"]}}],"collection":[{"href":"https:\/\/www.cmmacchine.com\/fr\/wp-json\/wp\/v2\/pages"}],"about":[{"href":"https:\/\/www.cmmacchine.com\/fr\/wp-json\/wp\/v2\/types\/page"}],"author":[{"embeddable":true,"href":"https:\/\/www.cmmacchine.com\/fr\/wp-json\/wp\/v2\/users\/1"}],"replies":[{"embeddable":true,"href":"https:\/\/www.cmmacchine.com\/fr\/wp-json\/wp\/v2\/comments?post=4761"}],"version-history":[{"count":2,"href":"https:\/\/www.cmmacchine.com\/fr\/wp-json\/wp\/v2\/pages\/4761\/revisions"}],"predecessor-version":[{"id":5025,"href":"https:\/\/www.cmmacchine.com\/fr\/wp-json\/wp\/v2\/pages\/4761\/revisions\/5025"}],"up":[{"embeddable":true,"href":"https:\/\/www.cmmacchine.com\/fr\/wp-json\/wp\/v2\/pages\/4991"}],"wp:attachment":[{"href":"https:\/\/www.cmmacchine.com\/fr\/wp-json\/wp\/v2\/media?parent=4761"}],"curies":[{"name":"wp","href":"https:\/\/api.w.org\/{rel}","templated":true}]}}